{"id":6854,"date":"2020-06-24T12:47:05","date_gmt":"2020-06-24T09:47:05","guid":{"rendered":"https:\/\/www.elayio.gr\/covid-19\/"},"modified":"2020-06-29T15:05:12","modified_gmt":"2020-06-29T12:05:12","slug":"covid-19","status":"publish","type":"page","link":"https:\/\/www.elayio.gr\/fr\/covid-19\/","title":{"rendered":"COVID-19 Information"},"content":{"rendered":"\n<p>Chers amis et visiteurs,<\/p>\n\n\n\n<p>Nous portons \u00e0 votre connaissance que&nbsp;<strong><em>Elayio Houses&nbsp;<\/em><\/strong>a r\u00e9ouvert depuis le 1er juin 2020 et est pr\u00eat \u00e0 vous accueillir, suivant les instructions du gouvernement grec.<\/p>\n\n\n\n<p>Nous esp\u00e9rons que vous \u00eates tous en bonne sant\u00e9, ainsi que vos proches, dans ces temps difficiles.<\/p>\n\n\n\n<p>Au regard de la situation actuelle en raison de la pand\u00e9mie, nous avons travaill\u00e9 m\u00e9thodiquement pour cr\u00e9er un environnement\u00a0 serein et calme pour vos vacances.<\/p>\n\n\n\n<p>Ci-dessous, vous pourrez d\u00e9couvrir les nouvelles mesures d&rsquo;hygi\u00e8ne et de protection en compl\u00e9ment des precautions standard, ainsi que des informations sur notre politique contre le COVID-19.<\/p>\n\n\n\n<ul class=\"wp-block-list\"><li>Toute notre \u00e9quipe dispose les \u00e9quipements de protection individuelle (EPI) et a re\u00e7u une formation sp\u00e9ciale, conform\u00e9ment aux instructions \u00e9mises par les autorit\u00e9s.<\/li><li>Un plan a \u00e9t\u00e9 \u00e9tabli pour la gestion d&rsquo;un cas suspect, conform\u00e9ment aux instructions d\u2019EODY (Organisation nationale de sant\u00e9 publique).<\/li><li><strong>Elayio Houses<\/strong>\u00a0poss\u00e8de le label\u00a0<strong>Health First<\/strong>\u00a0d\u00e9livr\u00e9 par le minist\u00e8re du Tourisme, certifiant que les maisons respectent les protocoles sanitaires.<\/li><li>Pour la protection du personnel et des visiteurs, nous avons adopt\u00e9 des r\u00e8gles de nettoyage et de d\u00e9sinfection tr\u00e8s strictes, dans toutes les chambres, les parties communes, ainsi que les zones r\u00e9serv\u00e9es au personnel.<\/li><li>Les produits de nettoyage et de d\u00e9sinfection que nous utilisons sont certifi\u00e9s efficaces pour emp\u00eacher la transmission des corono\u00efdes\u00a0 tels que SARS-COV2.<\/li><li>Au d\u00e9part des visiteurs, le linge de lit et les surfaces en tissu du foyer et des aires de repos sont st\u00e9rilis\u00e9s \u00e0 des temp\u00e9ratures sup\u00e9rieures \u00e0 70 \u00b0 C.<\/li><li>Les services de lavage et de repassage sont effectu\u00e9s dans notre \u00e9tablissement par le personnel, afin d&rsquo;\u00e9viter tout contact inutile en dehors de l\u2019h\u00f4tel.<\/li><li>Afin de r\u00e9duire l\u2019encombrement \u00e0 la r\u00e9ception et dans tous les espaces communs, le visiteur pourra s&rsquo;enregistrer dans l\u2019espace ext\u00e9rieur de l\u2019h\u00f4tel.<\/li><\/ul>\n\n\n\n<p>Nous sommes \u00e0 votre enti\u00e8re disposition pour tout renseignement que vous souhaiteriez obtenir, afin de pouvoir organiser au mieux votre voyage et votre s\u00e9jour.\u00a0<\/p>\n\n\n\n<p>Nous vous remercions vivement et nous esp\u00e9rons avoir le plaisir de vous accueillir.<\/p>\n\n\n\n<p>Cordialement,<\/p>\n\n\n\n<p>Maria Komninou<br>pour l\u2019\u00e9quipe de\u00a0\u00a0<strong>Elayio Houses<\/strong><\/p>\n\n\n\n<figure class=\"wp-block-image size-large\"><img loading=\"lazy\" decoding=\"async\" width=\"768\" height=\"475\" src=\"https:\/\/www.elayio.gr\/wp-content\/uploads\/2020\/06\/104289343_637672073496442_2529335078582749243_n.jpg\" alt=\"\" class=\"wp-image-6847\" srcset=\"https:\/\/www.elayio.gr\/wp-content\/uploads\/2020\/06\/104289343_637672073496442_2529335078582749243_n.jpg 768w, https:\/\/www.elayio.gr\/wp-content\/uploads\/2020\/06\/104289343_637672073496442_2529335078582749243_n-300x186.jpg 300w\" sizes=\"auto, (max-width: 768px) 100vw, 768px\" \/><\/figure>\n","protected":false},"excerpt":{"rendered":"<p>Chers amis et visiteurs, Nous portons \u00e0 votre connaissance que&nbsp;Elayio Houses&nbsp;a r\u00e9ouvert depuis le 1er juin 2020 et est pr\u00eat \u00e0 vous accueillir, suivant les instructions du gouvernement grec. Nous esp\u00e9rons que vous \u00eates tous en bonne sant\u00e9, ainsi que vos proches, dans ces temps difficiles. Au regard de la situation actuelle en raison de [&hellip;]<\/p>\n","protected":false},"author":1,"featured_media":0,"parent":0,"menu_order":0,"comment_status":"closed","ping_status":"closed","template":"","meta":{"footnotes":""},"class_list":["post-6854","page","type-page","status-publish","hentry"],"_links":{"self":[{"href":"https:\/\/www.elayio.gr\/fr\/wp-json\/wp\/v2\/pages\/6854","targetHints":{"allow":["GET"]}}],"collection":[{"href":"https:\/\/www.elayio.gr\/fr\/wp-json\/wp\/v2\/pages"}],"about":[{"href":"https:\/\/www.elayio.gr\/fr\/wp-json\/wp\/v2\/types\/page"}],"author":[{"embeddable":true,"href":"https:\/\/www.elayio.gr\/fr\/wp-json\/wp\/v2\/users\/1"}],"replies":[{"embeddable":true,"href":"https:\/\/www.elayio.gr\/fr\/wp-json\/wp\/v2\/comments?post=6854"}],"version-history":[{"count":1,"href":"https:\/\/www.elayio.gr\/fr\/wp-json\/wp\/v2\/pages\/6854\/revisions"}],"predecessor-version":[{"id":6915,"href":"https:\/\/www.elayio.gr\/fr\/wp-json\/wp\/v2\/pages\/6854\/revisions\/6915"}],"wp:attachment":[{"href":"https:\/\/www.elayio.gr\/fr\/wp-json\/wp\/v2\/media?parent=6854"}],"curies":[{"name":"wp","href":"https:\/\/api.w.org\/{rel}","templated":true}]}}