{"id":767,"date":"2016-10-27T19:34:03","date_gmt":"2016-10-27T16:34:03","guid":{"rendered":"http:\/\/www.elayio.gr\/contact-us\/"},"modified":"2023-06-15T16:24:50","modified_gmt":"2023-06-15T13:24:50","slug":"contact-us","status":"publish","type":"page","link":"https:\/\/www.elayio.gr\/fr\/contact-us\/","title":{"rendered":"Contactez-nous"},"content":{"rendered":"\n<h3 class=\"wp-block-heading\">Pour nous contacter<\/h3>\n\n\n\n<p>T: (+30) 22830 31818, 24983<br>M: (+30) 6974828789<br>E: <script language=\"JavaScript\">\n        var unpt1 = \"in\";\n        var unpt2 = \"fo\";\n        var domainpt1 = \"elayio\";\n        var domainpt2 = \"gr\";\n        var full = unpt1 + unpt2 + '@' + domainpt1 + '.' + domainpt2;\n        document.write(\"<a href='\" + \"mail\" + \"to:\" + full + \"'\" + ' target=\"_blank\" title=\"' + full + '\"' + \">\" + full + \"<\/a>\");\n        <\/script><noscript>\n<img decoding=\"async\" src=\"https:\/\/www.elayio.gr\/wp-content\/uploads\/2017\/03\/e.png\" alt=\"BootProofImage\" style=\"margin-top: 5px;\">\n<\/noscript><br><div class=\"social-links\"><a href=\"https:\/\/www.facebook.com\/elayio.houses.5\"><svg class=\"hemma-icon hemma-icon-social\"><use xmlns:xlink=\"http:\/\/www.w3.org\/1999\/xlink\" xlink:href=\"#hemma-icon-facebook\"><\/use><\/svg><\/a><a href=\"https:\/\/www.instagram.com\/elayio_houses\/\"><svg class=\"hemma-icon hemma-icon-social\"><use xmlns:xlink=\"http:\/\/www.w3.org\/1999\/xlink\" xlink:href=\"#hemma-icon-instagram\"><\/use><\/svg><\/a><\/div><\/p>\n\n\n\n<h3 class=\"wp-block-heading\">O\u00f9 sommes-nous?<\/h3>\n\n\n\n<p>Les maisons Elayio se trouvent au coeur de la baie d&rsquo;Aghios P\u00e9tros, au sud de l&rsquo;\u00eele de Tinos, \u00e0 15km du port.<br>\n\t\t\t<div class=\"map map-shortcode marker-is-yellow\" data-maplat=\"37.588121\" data-maplon=\"25.084764\" data-mapzoom=\"12\" data-color=\"light\" data-height=\"350\"><\/div><br><a class=\"button is-yellow\" href=\"https:\/\/goo.gl\/maps\/RcZEFVNbw1m\" target=\"_blank\">INSTRUCTIONS D\u00c9TAILL\u00c9ES<\/a><\/p>\n\n\n\n<p>Elayio old town, is in the heart of old town, Evangelistrias &amp; Al. Lagourou.<br>\n\t\t\t<div class=\"map map-shortcode marker-is-yellow\" data-maplat=\"37.538278\" data-maplon=\"25.161944\" data-mapzoom=\"16\" data-color=\"light\" data-height=\"350\"><\/div><br><a class=\"button is-yellow\" href=\"https:\/\/goo.gl\/maps\/tKJoM9f2TsvFAHSm6\" target=\"_blank\">INSTRUCTIONS D\u00c9TAILL\u00c9ES<\/a><\/p>\n\n\n\n<h3 class=\"wp-block-heading\">Envoyez-nous un email<\/h3>\n\n\n\n<div class=\"wp-block-contact-form-7-contact-form-selector\">\n<div class=\"wpcf7 no-js\" id=\"wpcf7-f828-o1\" lang=\"en-US\" dir=\"ltr\" data-wpcf7-id=\"828\">\n<div class=\"screen-reader-response\"><p role=\"status\" aria-live=\"polite\" aria-atomic=\"true\"><\/p> <ul><\/ul><\/div>\n<form action=\"\/fr\/wp-json\/wp\/v2\/pages\/767#wpcf7-f828-o1\" method=\"post\" class=\"wpcf7-form init\" aria-label=\"Contact form\" novalidate=\"novalidate\" data-status=\"init\">\n<fieldset class=\"hidden-fields-container\"><input type=\"hidden\" name=\"_wpcf7\" value=\"828\" \/><input type=\"hidden\" name=\"_wpcf7_version\" value=\"6.1.5\" \/><input type=\"hidden\" name=\"_wpcf7_locale\" value=\"en_US\" \/><input type=\"hidden\" name=\"_wpcf7_unit_tag\" value=\"wpcf7-f828-o1\" \/><input type=\"hidden\" name=\"_wpcf7_container_post\" value=\"0\" \/><input type=\"hidden\" name=\"_wpcf7_posted_data_hash\" value=\"\" \/>\n<\/fieldset>\n<p><label> Votre nom (requis)<br \/>\n<span class=\"wpcf7-form-control-wrap\" data-name=\"your-name\"><input size=\"40\" maxlength=\"400\" class=\"wpcf7-form-control wpcf7-text wpcf7-validates-as-required\" aria-required=\"true\" aria-invalid=\"false\" value=\"\" type=\"text\" name=\"your-name\" \/><\/span> <\/label>\n<\/p>\n<p><label> Email (requis)<br \/>\n<span class=\"wpcf7-form-control-wrap\" data-name=\"your-email\"><input size=\"40\" maxlength=\"400\" class=\"wpcf7-form-control wpcf7-email wpcf7-validates-as-required wpcf7-text wpcf7-validates-as-email\" aria-required=\"true\" aria-invalid=\"false\" value=\"\" type=\"email\" name=\"your-email\" \/><\/span> <\/label>\n<\/p>\n<p><label> Sujet<br \/>\n<span class=\"wpcf7-form-control-wrap\" data-name=\"your-subject\"><input size=\"40\" maxlength=\"400\" class=\"wpcf7-form-control wpcf7-text\" aria-invalid=\"false\" value=\"\" type=\"text\" name=\"your-subject\" \/><\/span> <\/label>\n<\/p>\n<p><label> Message<br \/>\n<span class=\"wpcf7-form-control-wrap\" data-name=\"your-message\"><textarea cols=\"40\" rows=\"10\" maxlength=\"2000\" class=\"wpcf7-form-control wpcf7-textarea\" aria-invalid=\"false\" name=\"your-message\"><\/textarea><\/span> <\/label>\n<\/p>\n<p>Security Question\n<\/p>\n<p><span class=\"wpcf7-form-control-wrap\" data-name=\"quiz-522\"><label><span class=\"wpcf7-quiz-label\">Combien obtiendrez-vous si vous ajoutez les chiffres suivants 6, 12?<\/span> <input size=\"40\" class=\"wpcf7-form-control wpcf7-quiz\" autocomplete=\"off\" aria-required=\"true\" aria-invalid=\"false\" type=\"text\" name=\"quiz-522\" \/><\/label><input type=\"hidden\" name=\"_wpcf7_quiz_answer_quiz-522\" value=\"07268bf66342050226ec72aa287bd3cd\" \/><\/span>\n<\/p>\n<p><input class=\"wpcf7-form-control wpcf7-submit has-spinner\" type=\"submit\" value=\"Envoyer\" \/>\n<\/p><p style=\"display: none !important;\" class=\"akismet-fields-container\" data-prefix=\"_wpcf7_ak_\"><label>&#916;<textarea name=\"_wpcf7_ak_hp_textarea\" cols=\"45\" rows=\"8\" maxlength=\"100\"><\/textarea><\/label><input type=\"hidden\" id=\"ak_js_1\" name=\"_wpcf7_ak_js\" value=\"125\"\/><script>document.getElementById( \"ak_js_1\" ).setAttribute( \"value\", ( new Date() ).getTime() );<\/script><\/p><div class=\"wpcf7-response-output\" aria-hidden=\"true\"><\/div>\n<\/form>\n<\/div>\n<\/div>\n","protected":false},"excerpt":{"rendered":"<p>Pour nous contacter T: (+30) 22830 31818, 24983M: (+30) 6974828789E: O\u00f9 sommes-nous? Les maisons Elayio se trouvent au coeur de la baie d&rsquo;Aghios P\u00e9tros, au sud de l&rsquo;\u00eele de Tinos, \u00e0 15km du port. Elayio old town, is in the heart of old town, Evangelistrias &amp; Al. Lagourou. Envoyez-nous un email<\/p>\n","protected":false},"author":2,"featured_media":379,"parent":0,"menu_order":0,"comment_status":"closed","ping_status":"closed","template":"template-hero.php","meta":{"footnotes":""},"class_list":["post-767","page","type-page","status-publish","has-post-thumbnail","hentry"],"_links":{"self":[{"href":"https:\/\/www.elayio.gr\/fr\/wp-json\/wp\/v2\/pages\/767","targetHints":{"allow":["GET"]}}],"collection":[{"href":"https:\/\/www.elayio.gr\/fr\/wp-json\/wp\/v2\/pages"}],"about":[{"href":"https:\/\/www.elayio.gr\/fr\/wp-json\/wp\/v2\/types\/page"}],"author":[{"embeddable":true,"href":"https:\/\/www.elayio.gr\/fr\/wp-json\/wp\/v2\/users\/2"}],"replies":[{"embeddable":true,"href":"https:\/\/www.elayio.gr\/fr\/wp-json\/wp\/v2\/comments?post=767"}],"version-history":[{"count":6,"href":"https:\/\/www.elayio.gr\/fr\/wp-json\/wp\/v2\/pages\/767\/revisions"}],"predecessor-version":[{"id":22408,"href":"https:\/\/www.elayio.gr\/fr\/wp-json\/wp\/v2\/pages\/767\/revisions\/22408"}],"wp:featuredmedia":[{"embeddable":true,"href":"https:\/\/www.elayio.gr\/fr\/wp-json\/wp\/v2\/media\/379"}],"wp:attachment":[{"href":"https:\/\/www.elayio.gr\/fr\/wp-json\/wp\/v2\/media?parent=767"}],"curies":[{"name":"wp","href":"https:\/\/api.w.org\/{rel}","templated":true}]}}